{"id":182,"date":"2025-10-03T12:46:08","date_gmt":"2025-10-03T12:46:08","guid":{"rendered":"https:\/\/r-ahma-association.com\/?page_id=182"},"modified":"2025-11-13T16:35:48","modified_gmt":"2025-11-13T16:35:48","slug":"nos-conseils","status":"publish","type":"page","link":"https:\/\/r-ahma-association.com\/index.php\/nos-conseils\/","title":{"rendered":"NOS CONSEILS"},"content":{"rendered":"\t\t<div data-elementor-type=\"wp-page\" data-elementor-id=\"182\" class=\"elementor elementor-182\">\n\t\t\t\t<div class=\"elementor-element elementor-element-91a0c9c e-flex e-con-boxed wpr-particle-no wpr-jarallax-no wpr-parallax-no wpr-sticky-section-no wpr-equal-height-no e-con e-parent\" data-id=\"91a0c9c\" data-element_type=\"container\" data-e-type=\"container\" data-settings=\"{&quot;background_background&quot;:&quot;slideshow&quot;,&quot;background_slideshow_gallery&quot;:[{&quot;id&quot;:624,&quot;url&quot;:&quot;https:\\\/\\\/r-ahma-association.com\\\/wp-content\\\/uploads\\\/2025\\\/10\\\/dc_kgjecid8.jpg&quot;}],&quot;background_slideshow_loop&quot;:&quot;yes&quot;,&quot;background_slideshow_slide_duration&quot;:5000,&quot;background_slideshow_slide_transition&quot;:&quot;fade&quot;,&quot;background_slideshow_transition_duration&quot;:500}\">\n\t\t\t\t\t<div class=\"e-con-inner\">\n\t\t\t\t<div class=\"elementor-element elementor-element-c3745d2 elementor-widget elementor-widget-hfe-breadcrumbs-widget\" data-id=\"c3745d2\" data-element_type=\"widget\" data-e-type=\"widget\" data-widget_type=\"hfe-breadcrumbs-widget.default\">\n\t\t\t\t<div class=\"elementor-widget-container\">\n\t\t\t\t\t<nav aria-label=\"Breadcrumb\"><ul class=\"hfe-breadcrumbs hfe-breadcrumbs-show-home\"><li class=\"hfe-breadcrumbs-item hfe-breadcrumbs-first\"><span class=\"hfe-breadcrumbs-home-icon\"><svg aria-hidden=\"true\" class=\"e-font-icon-svg e-fas-home\" viewBox=\"0 0 576 512\" xmlns=\"http:\/\/www.w3.org\/2000\/svg\"><path d=\"M280.37 148.26L96 300.11V464a16 16 0 0 0 16 16l112.06-.29a16 16 0 0 0 15.92-16V368a16 16 0 0 1 16-16h64a16 16 0 0 1 16 16v95.64a16 16 0 0 0 16 16.05L464 480a16 16 0 0 0 16-16V300L295.67 148.26a12.19 12.19 0 0 0-15.3 0zM571.6 251.47L488 182.56V44.05a12 12 0 0 0-12-12h-56a12 12 0 0 0-12 12v72.61L318.47 43a48 48 0 0 0-61 0L4.34 251.47a12 12 0 0 0-1.6 16.9l25.5 31A12 12 0 0 0 45.15 301l235.22-193.74a12.19 12.19 0 0 1 15.3 0L530.9 301a12 12 0 0 0 16.9-1.6l25.5-31a12 12 0 0 0-1.7-16.93z\"><\/path><\/svg><\/span><a href=\"https:\/\/r-ahma-association.com\"><span class=\"hfe-breadcrumbs-text\">Accueil<\/span><\/a><\/li><\/ul><\/nav>\t\t\t\t<\/div>\n\t\t\t\t<\/div>\n\t\t\t\t<div class=\"elementor-element elementor-element-3a6e045 elementor-widget elementor-widget-spacer\" data-id=\"3a6e045\" data-element_type=\"widget\" data-e-type=\"widget\" data-widget_type=\"spacer.default\">\n\t\t\t\t\t\t\t<div class=\"elementor-spacer\">\n\t\t\t<div class=\"elementor-spacer-inner\"><\/div>\n\t\t<\/div>\n\t\t\t\t\t\t<\/div>\n\t\t\t\t<div class=\"elementor-element elementor-element-7843785 elementor-widget elementor-widget-heading\" data-id=\"7843785\" data-element_type=\"widget\" data-e-type=\"widget\" data-widget_type=\"heading.default\">\n\t\t\t\t\t<h1 class=\"elementor-heading-title elementor-size-default\">Nos conseils<\/h1>\t\t\t\t<\/div>\n\t\t\t\t<div class=\"elementor-element elementor-element-dd8a3ce elementor-widget elementor-widget-spacer\" data-id=\"dd8a3ce\" data-element_type=\"widget\" data-e-type=\"widget\" data-widget_type=\"spacer.default\">\n\t\t\t\t\t\t\t<div class=\"elementor-spacer\">\n\t\t\t<div class=\"elementor-spacer-inner\"><\/div>\n\t\t<\/div>\n\t\t\t\t\t\t<\/div>\n\t\t\t\t\t<\/div>\n\t\t\t\t<\/div>\n\t\t<div class=\"elementor-element elementor-element-a5454ce e-flex e-con-boxed wpr-particle-no wpr-jarallax-no wpr-parallax-no wpr-sticky-section-no wpr-equal-height-no e-con e-parent\" data-id=\"a5454ce\" data-element_type=\"container\" data-e-type=\"container\">\n\t\t\t\t\t<div class=\"e-con-inner\">\n\t\t\t\t<div class=\"elementor-element elementor-element-bc369ad elementor-widget elementor-widget-image\" data-id=\"bc369ad\" data-element_type=\"widget\" data-e-type=\"widget\" data-widget_type=\"image.default\">\n\t\t\t\t\t\t\t\t\t\t\t\t\t\t\t<img fetchpriority=\"high\" decoding=\"async\" width=\"800\" height=\"338\" src=\"https:\/\/r-ahma-association.com\/wp-content\/uploads\/2025\/10\/logo_rahma_association.jpg\" class=\"attachment-large size-large wp-image-21\" alt=\"logo rahma association\" srcset=\"https:\/\/r-ahma-association.com\/wp-content\/uploads\/2025\/10\/logo_rahma_association.jpg 910w, https:\/\/r-ahma-association.com\/wp-content\/uploads\/2025\/10\/logo_rahma_association-300x127.jpg 300w, https:\/\/r-ahma-association.com\/wp-content\/uploads\/2025\/10\/logo_rahma_association-768x325.jpg 768w\" sizes=\"(max-width: 800px) 100vw, 800px\" title=\"NOS CONSEILS\">\t\t\t\t\t\t\t\t\t\t\t\t\t\t\t<\/div>\n\t\t\t\t\t<\/div>\n\t\t\t\t<\/div>\n\t\t<div class=\"elementor-element elementor-element-aa83b38 e-flex e-con-boxed wpr-particle-no wpr-jarallax-no wpr-parallax-no wpr-sticky-section-no wpr-equal-height-no e-con e-parent\" data-id=\"aa83b38\" data-element_type=\"container\" data-e-type=\"container\">\n\t\t\t\t\t<div class=\"e-con-inner\">\n\t\t\t\t<div class=\"elementor-element elementor-element-2181254 elementor-widget elementor-widget-text-editor\" data-id=\"2181254\" data-element_type=\"widget\" data-e-type=\"widget\" data-widget_type=\"text-editor.default\">\n\t\t\t\t\t\t\t\t\t<p>Anticiper gr\u00e2ce \u00e0 nos conseils et entourez vous des bonnes personnes afin de traverser un deuil avec plus de s\u00e9r\u00e9nit\u00e9.&nbsp;<\/p>\n<p>Voici quelques recommandations essentielles pour vous accompagner dans ces moments difficiles.<\/p>\t\t\t\t\t\t\t\t<\/div>\n\t\t\t\t\t<\/div>\n\t\t\t\t<\/div>\n\t\t<div class=\"elementor-element elementor-element-f25ccaf e-flex e-con-boxed wpr-particle-no wpr-jarallax-no wpr-parallax-no wpr-sticky-section-no wpr-equal-height-no e-con e-parent\" data-id=\"f25ccaf\" data-element_type=\"container\" data-e-type=\"container\" data-settings=\"{&quot;background_background&quot;:&quot;slideshow&quot;,&quot;background_slideshow_gallery&quot;:[],&quot;background_slideshow_loop&quot;:&quot;yes&quot;,&quot;background_slideshow_slide_duration&quot;:5000,&quot;background_slideshow_slide_transition&quot;:&quot;fade&quot;,&quot;background_slideshow_transition_duration&quot;:500}\">\n\t\t\t\t\t<div class=\"e-con-inner\">\n\t\t\t\t<div class=\"elementor-element elementor-element-f4299b4 elementor-widget elementor-widget-heading\" data-id=\"f4299b4\" data-element_type=\"widget\" data-e-type=\"widget\" data-widget_type=\"heading.default\">\n\t\t\t\t\t<h2 class=\"elementor-heading-title elementor-size-default\">1. Pr\u00e9parer \u00e0 l\u2019avance<\/h2>\t\t\t\t<\/div>\n\t\t\t\t<div class=\"elementor-element elementor-element-b744c1a elementor-widget elementor-widget-text-editor\" data-id=\"b744c1a\" data-element_type=\"widget\" data-e-type=\"widget\" data-widget_type=\"text-editor.default\">\n\t\t\t\t\t\t\t\t\t<p data-start=\"475\" data-end=\"620\">Il est conseill\u00e9 d\u2019aborder ces sujets avant qu\u2019un \u00e9v\u00e8nement douloureux ne survienne.<br data-start=\"559\" data-end=\"562\" \/>Souscrire \u00e0 un <a href=\"http:\/\/www.assurancescourtiersdoccitanie.com\/prevoyance\/\"><strong data-start=\"577\" data-end=\"611\">contrat de pr\u00e9voyance et obs\u00e8ques<\/strong><\/a> permet :<\/p><ul data-start=\"621\" data-end=\"807\"><li data-start=\"621\" data-end=\"694\"><p data-start=\"623\" data-end=\"694\">D\u2019all\u00e9ger la charge financi\u00e8re et organisationnelle pour les proches.<\/p><\/li><li data-start=\"695\" data-end=\"735\"><p data-start=\"697\" data-end=\"735\">De respecter les volont\u00e9s du d\u00e9funt.<\/p><\/li><li data-start=\"736\" data-end=\"807\"><p data-start=\"738\" data-end=\"807\">De permettre \u00e0 la famille de se concentrer pleinement sur le deuil.<\/p><\/li><\/ul><p data-start=\"809\" data-end=\"898\">Cette d\u00e9marche de pr\u00e9voyance est un acte de soulagement envers soi-m\u00eame et ses proches.<\/p>\t\t\t\t\t\t\t\t<\/div>\n\t\t\t\t\t<\/div>\n\t\t\t\t<\/div>\n\t\t<div class=\"elementor-element elementor-element-0f5b0fa e-flex e-con-boxed wpr-particle-no wpr-jarallax-no wpr-parallax-no wpr-sticky-section-no wpr-equal-height-no e-con e-parent\" data-id=\"0f5b0fa\" data-element_type=\"container\" data-e-type=\"container\">\n\t\t\t\t\t<div class=\"e-con-inner\">\n\t\t\t\t<div class=\"elementor-element elementor-element-ca62d3f elementor-view-default elementor-widget elementor-widget-icon\" data-id=\"ca62d3f\" data-element_type=\"widget\" data-e-type=\"widget\" data-widget_type=\"icon.default\">\n\t\t\t\t\t\t\t<div class=\"elementor-icon-wrapper\">\n\t\t\t<div class=\"elementor-icon\">\n\t\t\t<svg aria-hidden=\"true\" class=\"e-font-icon-svg e-fas-arrow-circle-down\" viewBox=\"0 0 512 512\" xmlns=\"http:\/\/www.w3.org\/2000\/svg\"><path d=\"M504 256c0 137-111 248-248 248S8 393 8 256 119 8 256 8s248 111 248 248zm-143.6-28.9L288 302.6V120c0-13.3-10.7-24-24-24h-16c-13.3 0-24 10.7-24 24v182.6l-72.4-75.5c-9.3-9.7-24.8-9.9-34.3-.4l-10.9 11c-9.4 9.4-9.4 24.6 0 33.9L239 404.3c9.4 9.4 24.6 9.4 33.9 0l132.7-132.7c9.4-9.4 9.4-24.6 0-33.9l-10.9-11c-9.5-9.5-25-9.3-34.3.4z\"><\/path><\/svg>\t\t\t<\/div>\n\t\t<\/div>\n\t\t\t\t\t\t<\/div>\n\t\t\t\t\t<\/div>\n\t\t\t\t<\/div>\n\t\t<div class=\"elementor-element elementor-element-62962fc e-flex e-con-boxed wpr-particle-no wpr-jarallax-no wpr-parallax-no wpr-sticky-section-no wpr-equal-height-no e-con e-parent\" data-id=\"62962fc\" data-element_type=\"container\" data-e-type=\"container\" data-settings=\"{&quot;background_background&quot;:&quot;slideshow&quot;,&quot;background_slideshow_gallery&quot;:[],&quot;background_slideshow_loop&quot;:&quot;yes&quot;,&quot;background_slideshow_slide_duration&quot;:5000,&quot;background_slideshow_slide_transition&quot;:&quot;fade&quot;,&quot;background_slideshow_transition_duration&quot;:500}\">\n\t\t\t\t\t<div class=\"e-con-inner\">\n\t\t\t\t<div class=\"elementor-element elementor-element-71980e5 elementor-widget elementor-widget-heading\" data-id=\"71980e5\" data-element_type=\"widget\" data-e-type=\"widget\" data-widget_type=\"heading.default\">\n\t\t\t\t\t<h2 class=\"elementor-heading-title elementor-size-default\">2. Choisir une entreprise de pompes fun\u00e8bres<\/h2>\t\t\t\t<\/div>\n\t\t\t\t<div class=\"elementor-element elementor-element-e9b5a1f elementor-widget elementor-widget-text-editor\" data-id=\"e9b5a1f\" data-element_type=\"widget\" data-e-type=\"widget\" data-widget_type=\"text-editor.default\">\n\t\t\t\t\t\t\t\t\t<p data-start=\"957\" data-end=\"1084\">Prenez le temps de <strong data-start=\"976\" data-end=\"1004\">demander plusieurs devis<\/strong> et de <strong data-start=\"1011\" data-end=\"1049\">comparer les prestations propos\u00e9es<\/strong>.<br data-start=\"1050\" data-end=\"1053\" \/>Assurez-vous que l\u2019entreprise :<\/p><ul data-start=\"1085\" data-end=\"1216\"><li data-start=\"1085\" data-end=\"1173\"><p data-start=\"1087\" data-end=\"1173\">Vous d\u00e9taille clairement chaque service inclus (transport, c\u00e9r\u00e9monie, fleurs, marbreries, etc&#8230;).<\/p><\/li><li data-start=\"1174\" data-end=\"1216\"><p data-start=\"1176\" data-end=\"1216\">Respecte vos souhaits et votre budget.<\/p><\/li><\/ul><p data-start=\"1218\" data-end=\"1311\">Un bon accompagnement fun\u00e9raire commence par une \u00e9coute attentive et une transparence totale.<\/p>\t\t\t\t\t\t\t\t<\/div>\n\t\t\t\t\t<\/div>\n\t\t\t\t<\/div>\n\t\t<div class=\"elementor-element elementor-element-9379d55 e-flex e-con-boxed wpr-particle-no wpr-jarallax-no wpr-parallax-no wpr-sticky-section-no wpr-equal-height-no e-con e-parent\" data-id=\"9379d55\" data-element_type=\"container\" data-e-type=\"container\">\n\t\t\t\t\t<div class=\"e-con-inner\">\n\t\t\t\t<div class=\"elementor-element elementor-element-dbda768 elementor-view-default elementor-widget elementor-widget-icon\" data-id=\"dbda768\" data-element_type=\"widget\" data-e-type=\"widget\" data-widget_type=\"icon.default\">\n\t\t\t\t\t\t\t<div class=\"elementor-icon-wrapper\">\n\t\t\t<div class=\"elementor-icon\">\n\t\t\t<svg aria-hidden=\"true\" class=\"e-font-icon-svg e-fas-arrow-circle-down\" viewBox=\"0 0 512 512\" xmlns=\"http:\/\/www.w3.org\/2000\/svg\"><path d=\"M504 256c0 137-111 248-248 248S8 393 8 256 119 8 256 8s248 111 248 248zm-143.6-28.9L288 302.6V120c0-13.3-10.7-24-24-24h-16c-13.3 0-24 10.7-24 24v182.6l-72.4-75.5c-9.3-9.7-24.8-9.9-34.3-.4l-10.9 11c-9.4 9.4-9.4 24.6 0 33.9L239 404.3c9.4 9.4 24.6 9.4 33.9 0l132.7-132.7c9.4-9.4 9.4-24.6 0-33.9l-10.9-11c-9.5-9.5-25-9.3-34.3.4z\"><\/path><\/svg>\t\t\t<\/div>\n\t\t<\/div>\n\t\t\t\t\t\t<\/div>\n\t\t\t\t\t<\/div>\n\t\t\t\t<\/div>\n\t\t<div class=\"elementor-element elementor-element-4c1f1d3 e-flex e-con-boxed wpr-particle-no wpr-jarallax-no wpr-parallax-no wpr-sticky-section-no wpr-equal-height-no e-con e-parent\" data-id=\"4c1f1d3\" data-element_type=\"container\" data-e-type=\"container\" data-settings=\"{&quot;background_background&quot;:&quot;slideshow&quot;,&quot;background_slideshow_gallery&quot;:[],&quot;background_slideshow_loop&quot;:&quot;yes&quot;,&quot;background_slideshow_slide_duration&quot;:5000,&quot;background_slideshow_slide_transition&quot;:&quot;fade&quot;,&quot;background_slideshow_transition_duration&quot;:500}\">\n\t\t\t\t\t<div class=\"e-con-inner\">\n\t\t\t\t<div class=\"elementor-element elementor-element-2e53a0a elementor-widget elementor-widget-heading\" data-id=\"2e53a0a\" data-element_type=\"widget\" data-e-type=\"widget\" data-widget_type=\"heading.default\">\n\t\t\t\t\t<h2 class=\"elementor-heading-title elementor-size-default\">3. Se rapprocher de la mairie<\/h2>\t\t\t\t<\/div>\n\t\t\t\t<div class=\"elementor-element elementor-element-53f21a6 elementor-widget elementor-widget-text-editor\" data-id=\"53f21a6\" data-element_type=\"widget\" data-e-type=\"widget\" data-widget_type=\"text-editor.default\">\n\t\t\t\t\t\t\t\t\t<p data-start=\"1356\" data-end=\"1424\">La mairie est un interlocuteur essentiel pour tout ce qui concerne :<\/p><ul data-start=\"1425\" data-end=\"1588\"><li data-start=\"1425\" data-end=\"1501\"><p data-start=\"1427\" data-end=\"1501\">Les <a href=\"https:\/\/www.service-public.gouv.fr\/particuliers\/actualites\/A16859#:~:text=Une%20concession%20fun%C3%A9raire%20est%20un,la%20dur%C3%A9e%20de%20la%20concession.\"><strong data-start=\"1431\" data-end=\"1457\">concessions fun\u00e9raires<\/strong><\/a> (formules disponibles, dur\u00e9es et tarifs).<a href=\"https:\/\/www.service-public.gouv.fr\/particuliers\/vosdroits\/F16507\"><img decoding=\"async\" class=\"alignnone wp-image-689\" src=\"https:\/\/r-ahma-association.com\/wp-content\/uploads\/2025\/10\/10732_096_image-service-public.png\" alt=\"logo service public\" width=\"52\" height=\"60\" title=\"NOS CONSEILS\"><\/a><\/p><\/li><li data-start=\"1425\" data-end=\"1501\"><p data-start=\"1427\" data-end=\"1501\">Pour les concessions fun\u00e9raires de <a href=\"https:\/\/www.pdffiller.com\/s\/QusfNHXTR\"><strong data-start=\"351\" data-end=\"360\">N\u00eemes<\/strong><\/a> et <a href=\"https:\/\/www.pdffiller.com\/s\/AsOjhOGQp\"><strong data-start=\"364\" data-end=\"379\">Montpellier<\/strong><\/a>, les services municipaux disposent de services sp\u00e9cialis\u00e9s pouvant vous informer sur les modalit\u00e9s propres \u00e0 chaque commune. (Chaque commune dispose de son propre tarif, veuillez vous renseigner aupr\u00e8s de la mairie de votre commune.)<\/p><\/li><li data-start=\"1502\" data-end=\"1588\"><p data-start=\"1504\" data-end=\"1588\">Les d\u00e9marches administratives li\u00e9es au d\u00e9c\u00e8s (acte de d\u00e9c\u00e8s, autorisations, fossoyeurs, etc.).<\/p><\/li><\/ul><p data-start=\"1590\" data-end=\"1675\">N\u2019h\u00e9sitez pas \u00e0 prendre rendez-vous pour obtenir des informations pr\u00e9cises et \u00e0 jour.<\/p>\t\t\t\t\t\t\t\t<\/div>\n\t\t\t\t\t<\/div>\n\t\t\t\t<\/div>\n\t\t<div class=\"elementor-element elementor-element-6add96a e-flex e-con-boxed wpr-particle-no wpr-jarallax-no wpr-parallax-no wpr-sticky-section-no wpr-equal-height-no e-con e-parent\" data-id=\"6add96a\" data-element_type=\"container\" data-e-type=\"container\">\n\t\t\t\t\t<div class=\"e-con-inner\">\n\t\t\t\t<div class=\"elementor-element elementor-element-17f6f02 elementor-view-default elementor-widget elementor-widget-icon\" data-id=\"17f6f02\" data-element_type=\"widget\" data-e-type=\"widget\" data-widget_type=\"icon.default\">\n\t\t\t\t\t\t\t<div class=\"elementor-icon-wrapper\">\n\t\t\t<div class=\"elementor-icon\">\n\t\t\t<svg aria-hidden=\"true\" class=\"e-font-icon-svg e-fas-arrow-circle-down\" viewBox=\"0 0 512 512\" xmlns=\"http:\/\/www.w3.org\/2000\/svg\"><path d=\"M504 256c0 137-111 248-248 248S8 393 8 256 119 8 256 8s248 111 248 248zm-143.6-28.9L288 302.6V120c0-13.3-10.7-24-24-24h-16c-13.3 0-24 10.7-24 24v182.6l-72.4-75.5c-9.3-9.7-24.8-9.9-34.3-.4l-10.9 11c-9.4 9.4-9.4 24.6 0 33.9L239 404.3c9.4 9.4 24.6 9.4 33.9 0l132.7-132.7c9.4-9.4 9.4-24.6 0-33.9l-10.9-11c-9.5-9.5-25-9.3-34.3.4z\"><\/path><\/svg>\t\t\t<\/div>\n\t\t<\/div>\n\t\t\t\t\t\t<\/div>\n\t\t\t\t\t<\/div>\n\t\t\t\t<\/div>\n\t\t<div class=\"elementor-element elementor-element-4aefc60 e-flex e-con-boxed wpr-particle-no wpr-jarallax-no wpr-parallax-no wpr-sticky-section-no wpr-equal-height-no e-con e-parent\" data-id=\"4aefc60\" data-element_type=\"container\" data-e-type=\"container\" data-settings=\"{&quot;background_background&quot;:&quot;slideshow&quot;,&quot;background_slideshow_gallery&quot;:[],&quot;background_slideshow_loop&quot;:&quot;yes&quot;,&quot;background_slideshow_slide_duration&quot;:5000,&quot;background_slideshow_slide_transition&quot;:&quot;fade&quot;,&quot;background_slideshow_transition_duration&quot;:500}\">\n\t\t\t\t\t<div class=\"e-con-inner\">\n\t\t\t\t<div class=\"elementor-element elementor-element-800ae35 elementor-widget elementor-widget-heading\" data-id=\"800ae35\" data-element_type=\"widget\" data-e-type=\"widget\" data-widget_type=\"heading.default\">\n\t\t\t\t\t<h2 class=\"elementor-heading-title elementor-size-default\">4. \u00catre accompagn\u00e9 dans le deuil<\/h2>\t\t\t\t<\/div>\n\t\t\t\t<div class=\"elementor-element elementor-element-aa2556c elementor-widget elementor-widget-text-editor\" data-id=\"aa2556c\" data-element_type=\"widget\" data-e-type=\"widget\" data-widget_type=\"text-editor.default\">\n\t\t\t\t\t\t\t\t\t<p data-start=\"1722\" data-end=\"1885\">Un d\u00e9c\u00e8s peut fragiliser les liens familiaux et rendre les d\u00e9marches complexes.<br data-start=\"1801\" data-end=\"1804\" \/>Se rapprocher d\u2019une <strong data-start=\"1824\" data-end=\"1865\">association d\u2019accompagnement au deuil<\/strong> peut vous aider \u00e0 :<\/p><ul data-start=\"1886\" data-end=\"2110\"><li data-start=\"1886\" data-end=\"1953\"><p data-start=\"1888\" data-end=\"1953\">Traverser la p\u00e9riode de deuil gr\u00e2ce \u00e0 un soutien psychologique.<\/p><\/li><li data-start=\"1954\" data-end=\"2019\"><p data-start=\"1956\" data-end=\"2019\">B\u00e9n\u00e9ficier d\u2019une <strong data-start=\"1973\" data-end=\"2016\">m\u00e9diation en cas de tensions familiales<\/strong>.<\/p><\/li><li data-start=\"2020\" data-end=\"2110\"><p data-start=\"2022\" data-end=\"2110\">\u00catre guid\u00e9 dans les <a href=\"https:\/\/www.service-public.gouv.fr\/particuliers\/vosdroits\/F16507\"><strong data-start=\"2042\" data-end=\"2071\">d\u00e9marches administratives<\/strong><\/a> aupr\u00e8s des diff\u00e9rentes institutions.<\/p><\/li><\/ul><p data-start=\"2112\" data-end=\"2187\">Ces associations offrent un espace d\u2019\u00e9coute, de r\u00e9confort et de solidarit\u00e9.<\/p>\t\t\t\t\t\t\t\t<\/div>\n\t\t\t\t\t<\/div>\n\t\t\t\t<\/div>\n\t\t<div class=\"elementor-element elementor-element-daa9d0e e-flex e-con-boxed wpr-particle-no wpr-jarallax-no wpr-parallax-no wpr-sticky-section-no wpr-equal-height-no e-con e-parent\" data-id=\"daa9d0e\" data-element_type=\"container\" data-e-type=\"container\">\n\t\t\t\t\t<div class=\"e-con-inner\">\n\t\t\t\t<div class=\"elementor-element elementor-element-26e763d elementor-widget-divider--view-line_icon elementor-view-default elementor-widget-divider--element-align-center elementor-widget elementor-widget-divider\" data-id=\"26e763d\" data-element_type=\"widget\" data-e-type=\"widget\" data-widget_type=\"divider.default\">\n\t\t\t\t\t\t\t<div class=\"elementor-divider\">\n\t\t\t<span class=\"elementor-divider-separator\">\n\t\t\t\t\t\t\t<div class=\"elementor-icon elementor-divider__element\">\n\t\t\t\t\t<svg aria-hidden=\"true\" class=\"e-font-icon-svg e-fas-info\" viewBox=\"0 0 192 512\" xmlns=\"http:\/\/www.w3.org\/2000\/svg\"><path d=\"M20 424.229h20V279.771H20c-11.046 0-20-8.954-20-20V212c0-11.046 8.954-20 20-20h112c11.046 0 20 8.954 20 20v212.229h20c11.046 0 20 8.954 20 20V492c0 11.046-8.954 20-20 20H20c-11.046 0-20-8.954-20-20v-47.771c0-11.046 8.954-20 20-20zM96 0C56.235 0 24 32.235 24 72s32.235 72 72 72 72-32.235 72-72S135.764 0 96 0z\"><\/path><\/svg><\/div>\n\t\t\t\t\t\t<\/span>\n\t\t<\/div>\n\t\t\t\t\t\t<\/div>\n\t\t\t\t\t<\/div>\n\t\t\t\t<\/div>\n\t\t<div class=\"elementor-element elementor-element-bbbbf7a e-flex e-con-boxed wpr-particle-no wpr-jarallax-no wpr-parallax-no wpr-sticky-section-no wpr-equal-height-no e-con e-parent\" data-id=\"bbbbf7a\" data-element_type=\"container\" data-e-type=\"container\">\n\t\t\t\t\t<div class=\"e-con-inner\">\n\t\t\t\t<div class=\"elementor-element elementor-element-7dc7b46 elementor-widget elementor-widget-heading\" data-id=\"7dc7b46\" data-element_type=\"widget\" data-e-type=\"widget\" data-widget_type=\"heading.default\">\n\t\t\t\t\t<h2 class=\"elementor-heading-title elementor-size-default\">En r\u00e9sum\u00e9<\/h2>\t\t\t\t<\/div>\n\t\t\t\t<div class=\"elementor-element elementor-element-7d449c7 elementor-widget elementor-widget-text-editor\" data-id=\"7d449c7\" data-element_type=\"widget\" data-e-type=\"widget\" data-widget_type=\"text-editor.default\">\n\t\t\t\t\t\t\t\t\t<p>Anticiper, s\u2019informer et s\u2019entourer : trois gestes essentiels pour vivre un deuil avec plus de s\u00e9r\u00e9nit\u00e9.<\/p>\t\t\t\t\t\t\t\t<\/div>\n\t\t\t\t\t<\/div>\n\t\t\t\t<\/div>\n\t\t<div class=\"elementor-element elementor-element-4bd3096 e-flex e-con-boxed wpr-particle-no wpr-jarallax-no wpr-parallax-no wpr-sticky-section-no wpr-equal-height-no e-con e-parent\" data-id=\"4bd3096\" data-element_type=\"container\" data-e-type=\"container\">\n\t\t\t\t\t<div class=\"e-con-inner\">\n\t\t\t\t<div class=\"elementor-element elementor-element-b6f1e6d elementor-widget elementor-widget-spacer\" data-id=\"b6f1e6d\" data-element_type=\"widget\" data-e-type=\"widget\" data-widget_type=\"spacer.default\">\n\t\t\t\t\t\t\t<div class=\"elementor-spacer\">\n\t\t\t<div class=\"elementor-spacer-inner\"><\/div>\n\t\t<\/div>\n\t\t\t\t\t\t<\/div>\n\t\t\t\t\t<\/div>\n\t\t\t\t<\/div>\n\t\t\t\t<\/div>\n\t\t","protected":false},"excerpt":{"rendered":"<p>Accueil Nos conseils Anticiper gr\u00e2ce \u00e0 nos conseils et entourez vous des bonnes personnes afin de traverser un deuil avec plus de s\u00e9r\u00e9nit\u00e9.&nbsp; Voici quelques recommandations essentielles pour vous accompagner dans ces moments difficiles. 1. Pr\u00e9parer \u00e0 l\u2019avance Il est conseill\u00e9 d\u2019aborder ces sujets avant qu\u2019un \u00e9v\u00e8nement douloureux ne survienne.Souscrire \u00e0 un contrat de pr\u00e9voyance et obs\u00e8ques permet : D\u2019all\u00e9ger la charge financi\u00e8re et organisationnelle pour les proches. De respecter les volont\u00e9s du d\u00e9funt. De permettre \u00e0 la famille de se concentrer pleinement sur le deuil. Cette d\u00e9marche de pr\u00e9voyance est un acte de soulagement envers soi-m\u00eame et ses proches. 2. Choisir une entreprise de pompes fun\u00e8bres Prenez le temps de demander plusieurs devis et de comparer les prestations propos\u00e9es.Assurez-vous que l\u2019entreprise : Vous d\u00e9taille clairement chaque service inclus (transport, c\u00e9r\u00e9monie, fleurs, marbreries, etc&#8230;). Respecte vos souhaits et votre budget. Un bon accompagnement fun\u00e9raire commence par une \u00e9coute attentive et une transparence totale. 3. Se rapprocher de la mairie La mairie est un interlocuteur essentiel pour tout ce qui concerne : Les concessions fun\u00e9raires (formules disponibles, dur\u00e9es et tarifs). Pour les concessions fun\u00e9raires de N\u00eemes et Montpellier, les services municipaux disposent de services sp\u00e9cialis\u00e9s pouvant vous informer sur les modalit\u00e9s propres \u00e0 chaque commune. (Chaque commune dispose de son propre tarif, veuillez vous renseigner aupr\u00e8s de la mairie de votre commune.) Les d\u00e9marches administratives li\u00e9es au d\u00e9c\u00e8s (acte de d\u00e9c\u00e8s, autorisations, fossoyeurs, etc.). N\u2019h\u00e9sitez pas \u00e0 prendre rendez-vous pour obtenir des informations pr\u00e9cises et \u00e0 jour. 4. \u00catre accompagn\u00e9 dans le deuil Un d\u00e9c\u00e8s peut fragiliser les liens familiaux et rendre les d\u00e9marches complexes.Se rapprocher d\u2019une association d\u2019accompagnement au deuil peut vous aider \u00e0 : Traverser la p\u00e9riode de deuil gr\u00e2ce \u00e0 un soutien psychologique. B\u00e9n\u00e9ficier d\u2019une m\u00e9diation en cas de tensions familiales. \u00catre guid\u00e9 dans les d\u00e9marches administratives aupr\u00e8s des diff\u00e9rentes institutions. Ces associations offrent un espace d\u2019\u00e9coute, de r\u00e9confort et de solidarit\u00e9. En r\u00e9sum\u00e9 Anticiper, s\u2019informer et s\u2019entourer : trois gestes essentiels pour vivre un deuil avec plus de s\u00e9r\u00e9nit\u00e9.<\/p>\n","protected":false},"author":1,"featured_media":0,"parent":0,"menu_order":0,"comment_status":"closed","ping_status":"closed","template":"","meta":{"footnotes":""},"class_list":["post-182","page","type-page","status-publish","hentry"],"_links":{"self":[{"href":"https:\/\/r-ahma-association.com\/index.php\/wp-json\/wp\/v2\/pages\/182","targetHints":{"allow":["GET"]}}],"collection":[{"href":"https:\/\/r-ahma-association.com\/index.php\/wp-json\/wp\/v2\/pages"}],"about":[{"href":"https:\/\/r-ahma-association.com\/index.php\/wp-json\/wp\/v2\/types\/page"}],"author":[{"embeddable":true,"href":"https:\/\/r-ahma-association.com\/index.php\/wp-json\/wp\/v2\/users\/1"}],"replies":[{"embeddable":true,"href":"https:\/\/r-ahma-association.com\/index.php\/wp-json\/wp\/v2\/comments?post=182"}],"version-history":[{"count":61,"href":"https:\/\/r-ahma-association.com\/index.php\/wp-json\/wp\/v2\/pages\/182\/revisions"}],"predecessor-version":[{"id":997,"href":"https:\/\/r-ahma-association.com\/index.php\/wp-json\/wp\/v2\/pages\/182\/revisions\/997"}],"wp:attachment":[{"href":"https:\/\/r-ahma-association.com\/index.php\/wp-json\/wp\/v2\/media?parent=182"}],"curies":[{"name":"wp","href":"https:\/\/api.w.org\/{rel}","templated":true}]}}